{"id":18,"date":"2016-09-07T00:03:22","date_gmt":"2016-09-06T21:03:22","guid":{"rendered":"http:\/\/buhgalter.dev\/?page_id=18"},"modified":"2024-07-22T18:07:36","modified_gmt":"2024-07-22T15:07:36","slug":"contacts","status":"publish","type":"page","link":"https:\/\/www.buhgalter.md\/ro\/contacts\/","title":{"rendered":"Contacte"},"content":{"rendered":"<p><\/p>\n<div class=\"cell-xs-12 cell-sm-7 cell-md-8\">\n<h4>str. Ciuflea 1A, of. 93 (Midtown)<\/h4>\n<p><iframe loading=\"lazy\" style=\"border: 0;\" src=\"https:\/\/www.google.com\/maps\/embed?pb=!1m18!1m12!1m3!1d2720.4347379520777!2d28.844317815653866!3d47.0120709865544!2m3!1f0!2f0!3f0!3m2!1i1024!2i768!4f13.1!3m3!1m2!1s0x40c97c2249685fd1%3A0x254c0ba8b3459999!2sStrada%20Ciuflea%201a%2C%20Chi%C8%99in%C4%83u!5e0!3m2!1sro!2s!4v1676280478917!5m2!1sro!2s\" width=\"600\" height=\"450\" allowfullscreen=\"allowfullscreen\"><\/iframe><\/p>\n<p><!--\n\n\n<h3>Feedback-ul<\/h3>\n\n\n\n\n<form class=\"rd-mailform rd-mailform-label-outside text-left offset-top-15\" action=\"bat\/rd-mailform.php\" method=\"post\" novalidate=\"novalidate\" data-form-output=\"form-output-global\" data-form-type=\"contact\">\n\n\n<div class=\"range\">\n\n\n<div class=\"cell-xs-12 cell-md-4-9\">\n\n\n<div class=\"form-group\"><label class=\"form-label-outside\" for=\"contact-name\">Numele<\/label>\n<input id=\"contact-name\" class=\"form-control form-control-has-validation form-control-last-child\" name=\"name\" type=\"text\" data-constraints=\"@Required\" \/><\/div>\n\n\n\n\n<div class=\"form-group\"><label class=\"form-label-outside\" for=\"contact-email\">Email<\/label>\n<input id=\"contact-email\" class=\"form-control form-control-has-validation form-control-last-child\" name=\"email\" type=\"email\" data-constraints=\"@Required @Email\" \/><\/div>\n\n\n\n\n<div class=\"form-group\"><label class=\"form-label-outside\" for=\"contact-phone\">Telefon<\/label>\n<input id=\"contact-phone\" class=\"form-control form-control-has-validation form-control-last-child\" name=\"phone\" type=\"text\" data-constraints=\"@Required @Numeric\" \/><\/div>\n\n\n<\/div>\n\n\n\n\n<div class=\"cell-xs-12 cell-md-5-9 offset-top-19 offset-md-top-0\">\n\n\n<div class=\"form-group\"><label class=\"form-label-outside\" for=\"contact-message\">Mesajul<\/label>\n<textarea id=\"contact-message\" class=\"form-control form-control-has-validation form-control-last-child\" name=\"message\" data-constraints=\"@Required\"><\/textarea><\/div>\n\n\n<\/div>\n\n\n<\/div>\n\n\n\n\n<div class=\"offset-top-34\"><button class=\"btn btn-sm btn-curious-blue\" type=\"submit\">Transmite<\/button><\/div>\n\n\n<\/form>\n\n--><\/p>\n<\/div>\n<div class=\"cell-xs-12 cell-sm-5 cell-md-4 offset-top-60 offset-sm-top-0\">\n<div class=\"inset-md-left-30 inset-md-right-30 inset-lg-left-70\">\n<h3>Contacte<\/h3>\n<ul class=\"list-terms-list-1\">\n<li>\n<dl class=\"list-terms-info-1\">\n<dt class=\"h5\">Adresa<\/dt>\n<dd>str. Ciuflea 1A, of. 93 (Midtown)<br \/>\nChi\u0219in\u0103u, Moldova<\/dd>\n<\/dl>\n<\/li>\n<li>\n<dl class=\"list-terms-info-1\">\n<dt class=\"h5\">Orele de lucru<\/dt>\n<dd>Luni &#8211; Vineri: 9:00 &#8211; 18:00<br \/>\nS\u00e2mb\u0103ta, Duminica &#8211; \u00eenchis<\/dd>\n<\/dl>\n<\/li>\n<li>\n<dl class=\"list-terms-info-1\">\n<dt class=\"h5\">Telefoane<\/dt>\n<div class=\"phone\"><a href=\"tel:+37360014341\">+373 60014341<\/a><\/div>\n<\/dl>\n<\/li>\n<li>\n<dl class=\"list-terms-info-1\">\n<dt class=\"h5\">Email<\/dt>\n<dd><a href=\"mailto:info@buhgalter.md\">info@buhgalter.md<\/a><\/dd>\n<\/dl>\n<\/li>\n<\/ul>\n<\/div>\n<\/div>\n<p><\/p>","protected":false},"excerpt":{"rendered":"<p>str. Ciuflea 1A, of. 93 (Midtown) Contacte Adresa str. Ciuflea 1A, of. 93 (Midtown) Chi\u0219in\u0103u, Moldova Orele de lucru Luni &#8211; Vineri: 9:00 &#8211; 18:00 S\u00e2mb\u0103ta, Duminica &#8211; \u00eenchis Telefoane +373 60014341 Email info@buhgalter.md<\/p>\n","protected":false},"author":1,"featured_media":0,"parent":0,"menu_order":0,"comment_status":"closed","ping_status":"closed","template":"page-without-sidebar.php","meta":{"_monsterinsights_skip_tracking":false,"_monsterinsights_sitenote_active":false,"_monsterinsights_sitenote_note":"","_monsterinsights_sitenote_category":0},"aioseo_notices":[],"_links":{"self":[{"href":"https:\/\/www.buhgalter.md\/ro\/wp-json\/wp\/v2\/pages\/18"}],"collection":[{"href":"https:\/\/www.buhgalter.md\/ro\/wp-json\/wp\/v2\/pages"}],"about":[{"href":"https:\/\/www.buhgalter.md\/ro\/wp-json\/wp\/v2\/types\/page"}],"author":[{"embeddable":true,"href":"https:\/\/www.buhgalter.md\/ro\/wp-json\/wp\/v2\/users\/1"}],"replies":[{"embeddable":true,"href":"https:\/\/www.buhgalter.md\/ro\/wp-json\/wp\/v2\/comments?post=18"}],"version-history":[{"count":78,"href":"https:\/\/www.buhgalter.md\/ro\/wp-json\/wp\/v2\/pages\/18\/revisions"}],"predecessor-version":[{"id":511,"href":"https:\/\/www.buhgalter.md\/ro\/wp-json\/wp\/v2\/pages\/18\/revisions\/511"}],"wp:attachment":[{"href":"https:\/\/www.buhgalter.md\/ro\/wp-json\/wp\/v2\/media?parent=18"}],"curies":[{"name":"wp","href":"https:\/\/api.w.org\/{rel}","templated":true}]}}