{"id":5,"date":"2016-09-06T22:34:22","date_gmt":"2016-09-06T19:34:22","guid":{"rendered":"http:\/\/buhgalter.dev\/?page_id=5"},"modified":"2022-11-03T14:36:25","modified_gmt":"2022-11-03T11:36:25","slug":"about-company","status":"publish","type":"page","link":"https:\/\/www.buhgalter.md\/ro\/about-company\/","title":{"rendered":"Despre noi"},"content":{"rendered":"<p>Ve\u021bi spune aproape sigur, <strong>\u00abDe ce am nevoie de o organiza\u021bie de contabilitate? Pot lua un contabil!\u00bb\u00a0<\/strong>Desigur, pute\u021bi. Cu toate acestea, pentru start-up-uri este un element esen\u021bial al cheltuielilor &#8211; remunera\u021biile contabilului \u0219i taxele aferente, locul lui de munc\u0103 (mobilier, calculatoare, echipamente de birou), software-ul (1C, consultant), \u0219i serviciul lor lunar. Toate acestea se transforma \u00eentr-un cost decent, care nu aduce profit.<\/p>\n<p>Sau ve\u021bi spune a\u0219a: <strong>\u00abDe ce s\u0103 mi se furnizeze servicii de contabilitate? Eu pot duce contabilitatea singur!\u00bb<\/strong> Desigur, pute\u021bi. Doar c\u0103 acest lucru v\u0103 va consuma mult timp pre\u021bios \u0219i nervi.<\/p>\n<p>Eviden\u021ba contabil\u0103 este important\u0103, dar nu aduce nici un profit. Timpul Dvs. are valoare mai mare, cheltui\u021bi-l pe domeniul principal de activitate! \u00a0<strong>R\u0103m\u00e2ne cea mai econom\u0103 (\u00een ceea ce prive\u0219te timpul \u0219i banii) op\u021biune \u2013 utilizarea serviciilor de contabilitate.<\/strong><\/p>\n<p>\u00cencep\u00e2nd cu anul 1998, noi oferim servicii de contabilitate (\u021binerea \u0219i restabilirea eviden\u021bei contabile, furnizarea altor servicii de contabilitate) pentru \u00eentreprinderi cu toate formele de proprietate, inclusiv companii str\u0103ine \u0219i birouri reprezentative ale acestora. \u00cen fiecare an, serviciile de contabilitate au o cerere tot mai mare, ceea ce necesit\u0103 un lucru continuu a companiei noastre, \u00eentru \u00eembun\u0103t\u0103\u021birea calit\u0103\u021bii \u0219i service-ului.<\/p>\n<p>Calificarea speciali\u0219tilor companiei de contabilitate \u0219i monitorizarea constant\u0103 a cadrului legislativ, asigur\u0103 o \u021binere corect\u0103 a eviden\u021bei contabile, care se reflect\u0103 \u00een minimizarea sanc\u021biunilor din partea autorit\u0103\u021bilor de reglementare, \u0219i, desigur, in ducerea unui management financiar s\u0103n\u0103tos \u0219i eficient \u00een cadrul \u00eentreprinderii Dumneavoastr\u0103.<\/p>\n<p>O eviden\u021b\u0103 contabil\u0103 \u00eendeplinit\u0103 \u00een mod profesional v\u0103 ofer\u0103 posibilitatea de a v\u0103 sim\u021bi pe teren ferm sub picioare \u0219i de a v\u0103 ocupa doar cu dezvoltarea afacerii Dumneavoastr\u0103.<\/p>\n<p>Costul serviciilor contabile depinde numai de num\u0103rul de opera\u021biuni \u0219i caracteristici ale afacerii Dumneavoastra. Nu sunte\u021bi obligat de a utiliza tarife comune tuturor \u0219i s\u0103 pl\u0103ti\u021bi sume pentru care nu a fost s-au men\u021binut lucr\u0103ri. \u0218i \u00eenca un moment important, biroul nostru (cu locuri de parcare convenabil!), este situat \u00een centrul ora\u0219ului Chi\u0219in\u0103u.<\/p>\n<p><strong>Ce servicii de contabilitate oferim?<\/strong><\/p>\n<p>Compania ofer\u0103 servicii de contabilitate companiilor moldovene\u0219ti din diverse sectoare ale activit\u0103\u021bii economice. Ne-am angajat s\u0103 furniz\u0103m servicii complete pentru \u021binerea eviden\u021bei fiscale \u0219i de contabilitate.<\/p>\n<h3 class=\"offset-top-22\">DOMENII PRINCIPALE<\/h3>\n<p>Servicii de contabilitate lunare. Acesta include:<\/p>\n<ul class=\"list-marked list-marked-spacing-lg offset-top-22\">\n<li>ob\u021binerea documentelor primare de la client;<\/li>\n<li>prelucrarea documentelor primare cu ajutorul soft-ului de contabilitate 1C;<\/li>\n<li>verificarea disponibilit\u0103\u021bii \u0219i corectitudinea \u00eenregistr\u0103rii documentelor primare, \u00een conformitate cu legisla\u021bia \u00een vigoare.<\/li>\n<li>posibilitatea de preg\u0103tire a ordinelor de plat\u0103 pentru banc\u0103;<\/li>\n<li>preg\u0103tirea tuturor documentelor necesare pentru banc\u0103, inclusiv documentelor pentru controlul valutar;<\/li>\n<li>preg\u0103tirea rapoartelor pentru Inspectoratul Fiscal de Stat;<\/li>\n<li>preg\u0103tirea rapoartelor pentru Fondul Social;<\/li>\n<li>preg\u0103tirea rapoartelor pentru birourile de Statistic\u0103 (\u00eenregistr\u0103ri statistice);<\/li>\n<li>elaborarea \u0219i \u00eentocmirea politicii contabile \u00een scopuri contabile \u0219i fiscale;<\/li>\n<li>organizarea documentelor;<\/li>\n<li>vizite la organiza\u021biile publice pentru a furniza explica\u021bii cu privire la rapoartele \u00eentocmite \u0219i participarea la controalele fiscale.<\/li>\n<\/ul>\n<p><strong>Scopul muncii noastre<\/strong> \u2013 organizarea eviden\u021bei contabile, controlul asupra \u021binerii eviden\u021bei contabile, consultan\u021b\u0103 pe probleme ce \u021bin de domeniul eviden\u021bei contabile \u0219i fiscale, raportarea \u00een conformitate cu legisla\u021bia in vigoare.<\/p>\n<p><strong>Rezultatul muncii noastre<\/strong> &#8211; un set complet de documente primare privind eviden\u021ba contabil\u0103 pentru perioada trecut\u0103.<\/p>\n<p>Restabilirea eviden\u021bei contabile \u0219i fiscale.<\/p>\n<p><strong>Scopul muncii noastre<\/strong> \u2013 restabilirea eviden\u021bei contabile pentru perioada, incluz\u00e2nd toate tranzac\u021biile de afaceri, formarea \u0219i ajustarea minu\u021bioas\u0103 a eviden\u021bei contabile \u0219i fiscale \u0219i protec\u021bia acesteia \u00een organiza\u021biile fiscale \u0219i altele.<\/p>\n<p><strong>Rezultatul muncii noastre<\/strong> \u2013 restabilirea opera\u021biunilor de afaceri \u0219i setul complet format \u0219i ajustat a documenta\u021biei contabile revizuite depus la organiza\u021biile respective.<\/p>\n<h3 class=\"offset-top-22\">CLIEN\u021aII NO\u0218TRI<\/h3>\n<p>Compania ofer\u0103 servicii de contabilitate de \u00eenalt\u0103 calitate:<\/p>\n<ul class=\"list-marked list-marked-spacing-lg offset-top-22\">\n<li>societ\u0103\u021bilor nou create.<\/li>\n<li>organiza\u021biilor deja existente.<\/li>\n<li>companiilor cu capital str\u0103in.<\/li>\n<li>reprezentan\u021belor \u0219i sucursalelor companiilor str\u0103ine.<\/li>\n<li>\u00eentreprinz\u0103torilor individuali.<\/li>\n<\/ul>\n<h3 class=\"offset-top-22\">AVANTAJELE NOASTRE<\/h3>\n<ul class=\"list-marked list-marked-spacing-lg offset-top-22\">\n<li>sistemul de control \u00een cadrul furniz\u0103rii de servicii pentru serviciile de contabilitate.<\/li>\n<li>Sistemul de securitate a informa\u021biilor<\/li>\n<li>Spre deosebire de alte firme de contabilitate prezente pe pia\u021b\u0103, compania este pe deplin r\u0103spunz\u0103toare pentru daunele cu dovezi documentare<\/li>\n<li>Costul serviciilor noastre se atribuie la cheltuieli, astfel, diminua\u021bi impozitul pe venit.<\/li>\n<\/ul>\n<p>Speciali\u0219tii no\u0219tri V\u0103 vor r\u0103spunde la toate \u00eentreb\u0103rile, \u0219i apoi, \u00eempreun\u0103 cu Dvs vor determina urm\u0103torii pa\u0219i \u00een ac\u021biunile suplimentare.<\/p>\n<p>Cooperarea cu noi este garan\u021bia serviciilor eficiente \u0219i de calitate \u00eenalt\u0103.<\/p>","protected":false},"excerpt":{"rendered":"<p>Ve\u021bi spune aproape sigur, \u00abDe ce am nevoie de o organiza\u021bie de contabilitate? Pot lua un contabil!\u00bb\u00a0Desigur, pute\u021bi. Cu toate acestea, pentru start-up-uri este un element esen\u021bial al cheltuielilor &#8211; remunera\u021biile contabilului \u0219i taxele aferente, locul lui de munc\u0103 (mobilier, calculatoare, echipamente de birou), software-ul (1C, consultant), \u0219i serviciul lor lunar. Toate acestea se transforma [&hellip;]<\/p>\n","protected":false},"author":1,"featured_media":0,"parent":0,"menu_order":0,"comment_status":"closed","ping_status":"closed","template":"","meta":{"_monsterinsights_skip_tracking":false,"_monsterinsights_sitenote_active":false,"_monsterinsights_sitenote_note":"","_monsterinsights_sitenote_category":0},"aioseo_notices":[],"_links":{"self":[{"href":"https:\/\/www.buhgalter.md\/ro\/wp-json\/wp\/v2\/pages\/5"}],"collection":[{"href":"https:\/\/www.buhgalter.md\/ro\/wp-json\/wp\/v2\/pages"}],"about":[{"href":"https:\/\/www.buhgalter.md\/ro\/wp-json\/wp\/v2\/types\/page"}],"author":[{"embeddable":true,"href":"https:\/\/www.buhgalter.md\/ro\/wp-json\/wp\/v2\/users\/1"}],"replies":[{"embeddable":true,"href":"https:\/\/www.buhgalter.md\/ro\/wp-json\/wp\/v2\/comments?post=5"}],"version-history":[{"count":52,"href":"https:\/\/www.buhgalter.md\/ro\/wp-json\/wp\/v2\/pages\/5\/revisions"}],"predecessor-version":[{"id":347,"href":"https:\/\/www.buhgalter.md\/ro\/wp-json\/wp\/v2\/pages\/5\/revisions\/347"}],"wp:attachment":[{"href":"https:\/\/www.buhgalter.md\/ro\/wp-json\/wp\/v2\/media?parent=5"}],"curies":[{"name":"wp","href":"https:\/\/api.w.org\/{rel}","templated":true}]}}